{"id":39,"date":"2014-12-13T22:22:48","date_gmt":"2014-12-13T20:22:48","guid":{"rendered":"http:\/\/www.yelizkonuklu.com\/?page_id=39"},"modified":"2018-05-03T16:37:53","modified_gmt":"2018-05-03T13:37:53","slug":"diger-yayinlar","status":"publish","type":"page","link":"https:\/\/www.yelizkonuklu.com\/?page_id=39","title":{"rendered":"Di\u011fer Yay\u0131nlar | Papers published in other Jounals"},"content":{"rendered":"<p><!--:TR--><\/p>\n<p style=\"text-align: justify;\"><strong>D. Di\u011fer Yay\u0131nlar <\/strong><\/p>\n<p style=\"text-align: justify;\"><strong>D1.<\/strong> Mazman M, Konuklu Y, Paksoy HO, Evliya H Binary Mixtures Of Paraffin And Fatty Acid With Sodium Acetate Trihydrate To Be Used As Phase Change Materials\u201d. 10th International Conference on Thermal Energy Storage<\/p>\n<p style=\"text-align: justify;\"><strong>D2.<\/strong> Dikici D, Paksoy H, Konuklu \u00d6zonur Y Natural Sources for Cold Storage Potential Study. Annex 14\u201cCooling All Climates with Thermal Energy Storage\u201d 4th Experts Meeting, 2001<\/p>\n<p style=\"text-align: justify;\"><strong>D3.<\/strong> \u00a0Paksoy H O, Konuklu Y Testing New Microencapsulated Phase Change Materials (MPCM) in Buildings. IEA-ECES Annex31, Energy storage with Energy Efficient Buildings and Districts: Optimization and AutomationSecond Expert Meeting<\/p>\n<p style=\"text-align: justify;\"><strong>D4.<\/strong> \u00a0Konuklu Y, Paksoy H O Temperature controlled food package containing\u00a0microencapsulated phase change materials. Annex 25, Surplus Heat Management using Advanced TES for CO2 mitigation, 214-215.<\/p>\n<p style=\"text-align: justify;\"><strong>D5. <\/strong>Chitosan\u2013Gelatin Microcapsules, 2015, \u201cKonuklu, Y., &amp; Paksoy, H. O. (2015). The Preparation and Characterization of Chitosan\u2013Gelatin Microcapsules and Microcomposites with Fatty Acids as Thermal Energy Storage Materials. Energy Technology.\u201d makalesi ile ilgili ChemistryViews\u2019te bir tan\u0131t\u0131m yaz\u0131s\u0131 yay\u0131nlanm\u0131\u015ft\u0131r.<\/p>\n<p style=\"text-align: justify;\"><strong>D6. <\/strong>\u201cS\u0131cakl\u0131k kontrol\u00fc sa\u011flayan ak\u0131ll\u0131 ambalaj\u201d, Ulusal bas\u0131n haberi<\/p>\n<p>\u00a0<!--:--><!--:en--><\/p>\n<p>&nbsp;<\/p>\n<table width=\"783\">\n<tbody>\n<tr>\n<td width=\"40\">1.<\/td>\n<td colspan=\"3\" width=\"743\">Mazman M, Konuklu Y, Paksoy HO, Evliya H Binary Mixtures Of Paraffin And Fatty Acid With Sodium Acetate Trihydrate To Be Used As Phase Change Materials\u201d. 10th International Conference on Thermal Energy Storage<\/td>\n<\/tr>\n<tr>\n<td width=\"40\">2.<\/td>\n<td colspan=\"3\" width=\"743\">Dikici D, Paksoy H, Konuklu \u00d6zonur Y Natural Sources for Cold Storage Potential Study. Annex 14 \u201cCooling All Climates with Thermal Energy Storage\u201d 4th Experts Meeting, 2001<\/td>\n<\/tr>\n<tr>\n<td width=\"40\">3.<\/td>\n<td colspan=\"3\" width=\"743\">Paksoy H O, Konuklu Y Testing New Microencapsulated Phase Change Materials (MPCM) in Buildings. IEA-ECES Annex31, Energy storage with Energy Efficient Buildings and Districts: Optimization and AutomationSecond Expert Meeting<\/td>\n<\/tr>\n<tr>\n<td width=\"40\">4.<\/td>\n<td colspan=\"3\" width=\"743\">Konuklu Y, Paksoy H O Temperature controlled food package containing microencapsulated phase change materials. Annex 25, Surplus Heat Management using Advanced TES for CO2 mitigation, 214-215<\/td>\n<\/tr>\n<\/tbody>\n<\/table>\n<p><!--:--><\/p>\n","protected":false},"excerpt":{"rendered":"<p>D. Di\u011fer Yay\u0131nlar D1. Mazman M, Konuklu Y, Paksoy HO, Evliya H Binary Mixtures Of Paraffin And Fatty Acid With Sodium Acetate Trihydrate To Be Used As Phase Change Materials\u201d. 10th International Conference on Thermal Energy Storage D2. Dikici D, Paksoy H, Konuklu \u00d6zonur Y Natural Sources for Cold Storage Potential Study. Annex 14\u201cCooling All <a class=\"read-more\" href=\"https:\/\/www.yelizkonuklu.com\/?page_id=39\">...continue reading <span class=\"meta-nav\">&rarr;<\/span><\/a><\/p>\n","protected":false},"author":1,"featured_media":0,"parent":0,"menu_order":0,"comment_status":"open","ping_status":"closed","template":"page-templates\/front-page.php","meta":{"om_disable_all_campaigns":false,"_monsterinsights_skip_tracking":false,"_monsterinsights_sitenote_active":false,"_monsterinsights_sitenote_note":"","_monsterinsights_sitenote_category":0},"aioseo_notices":[],"_links":{"self":[{"href":"https:\/\/www.yelizkonuklu.com\/index.php?rest_route=\/wp\/v2\/pages\/39"}],"collection":[{"href":"https:\/\/www.yelizkonuklu.com\/index.php?rest_route=\/wp\/v2\/pages"}],"about":[{"href":"https:\/\/www.yelizkonuklu.com\/index.php?rest_route=\/wp\/v2\/types\/page"}],"author":[{"embeddable":true,"href":"https:\/\/www.yelizkonuklu.com\/index.php?rest_route=\/wp\/v2\/users\/1"}],"replies":[{"embeddable":true,"href":"https:\/\/www.yelizkonuklu.com\/index.php?rest_route=%2Fwp%2Fv2%2Fcomments&post=39"}],"version-history":[{"count":6,"href":"https:\/\/www.yelizkonuklu.com\/index.php?rest_route=\/wp\/v2\/pages\/39\/revisions"}],"predecessor-version":[{"id":315,"href":"https:\/\/www.yelizkonuklu.com\/index.php?rest_route=\/wp\/v2\/pages\/39\/revisions\/315"}],"wp:attachment":[{"href":"https:\/\/www.yelizkonuklu.com\/index.php?rest_route=%2Fwp%2Fv2%2Fmedia&parent=39"}],"curies":[{"name":"wp","href":"https:\/\/api.w.org\/{rel}","templated":true}]}}