{"id":30,"date":"2014-12-13T22:11:07","date_gmt":"2014-12-13T20:11:07","guid":{"rendered":"http:\/\/www.yelizkonuklu.com\/?page_id=30"},"modified":"2018-05-03T16:36:39","modified_gmt":"2018-05-03T13:36:39","slug":"ulusal-bilimsel-toplantilarda-sunulan-ve-bildiri-kitaplarinda-basilan-bildiriler","status":"publish","type":"page","link":"https:\/\/www.yelizkonuklu.com\/?page_id=30","title":{"rendered":"Ulusal bilimsel toplant\u0131larda sunulan ve bildiri kitaplar\u0131nda bas\u0131lan bildiriler | Conference Papers presented at national meetings"},"content":{"rendered":"<p><!--:TR--><\/p>\n<p style=\"text-align: justify;\"><strong>C.<\/strong> Ulusal bilimsel toplant\u0131larda sunulan ve bildiri kitab\u0131nda bas\u0131lan bildiriler :<\/p>\n<p style=\"text-align: justify;\"><strong>C1.<\/strong> Konuklu Yeliz, Paksoy Halime (2012). T-History Y\u00f6ntemi ile Mikrokaps\u00fcllenmi\u015f Faz De\u011fi\u015ftiren Maddelerin Gizli Is\u0131 Depolama Kapasitelerinin Belirlenmesi. 26. Ulusal Kimya kongresi,<\/p>\n<p style=\"text-align: justify;\"><strong>C2.<\/strong> Konuklu Yeliz, Paksoy Halime (2011). Faz De\u011fi\u015ftiren Maddeler ile Binalarda Enerji Verimlili\u011fi. X.Ulusal Tesisat M\u00fchendisli\u011fi Kongresi, 1(2011550), 917-930.,<\/p>\n<p style=\"text-align: justify;\"><strong>C3.\u00a0<\/strong>Konuklu Yeliz, Paksoy Halime (2011). Faz De\u011fi\u015ftiren Maddeler ile Bina Uygulamalar\u0131nda EnerjiVerimlili\u011finin \u0130statistiksel Modelleme ile Tahmin. III. Enerji Verimlili\u011fi Toplant\u0131s\u0131, 1(548), 173-180.<\/p>\n<p style=\"text-align: justify;\"><strong>C4.<\/strong> \u00d6zonur Y, Paksoy HO (2004). Termal Enerji Depolama Y\u00f6ntemlerinin Yap\u0131 Malzemelerinde Kullan\u0131m\u0131 \u0130le Enerji T\u00fcketiminin Azalt\u0131lmas\u0131. S\u00fcrd\u00fcr\u00fclebilir \u00c7evre i\u00e7in Enerji Denetimi- Yal\u0131t\u0131m Kongresi ve Sergisi,<\/p>\n<p style=\"text-align: justify;\"><strong>C5.<\/strong> \u00dcnal M, Konuklu Y, Paksoy H O (2013). Faz De\u011fi\u015ftiren Madde Olan Coco Ya\u011f Asitinin Mikrokaps\u00fcllenmesi. IV. Ulusal Anorganik Kimya Kogresi, (Kontrol No: 293706)<\/p>\n<p style=\"text-align: justify;\"><strong>C6.<\/strong> G\u00f6k \u00d6, Konuklu Y, Y\u0131lmaz MO, YILMAZ S, TURGUT B, MAZMAN M, BEYHAN B, \u015eAHAN N, PAKSOY H\u00d6, EVL\u0130YA H (2009). Faz De\u011fi\u015ftiren Maddelerde Termal Enerji Depolaman\u0131n Enerji Verimlili\u011fi Uygulamalar\u0131nda Kullan\u0131lmas\u0131. II. Enerji Verimlili\u011fi Kongresi<\/p>\n<p style=\"text-align: justify;\"><strong>C7.<\/strong> Konuklu Yeliz, \u00dcnal Murat, Paksoy Halime (2014). Termal Enerji Depolama Ama\u00e7l\u0131 Kaprilik\u00a0Asit\/Polietil Akrilat Mikrokaps\u00fcllerinin \u00dcretilmesi ve Karakterizasyonu. 11. Ulusal Kimya\u00a0M\u00fchendisli\u011fi Kongresi<\/p>\n<p style=\"text-align: justify;\"><strong>C8.<\/strong> \u00dcnal Murat, Konuklu Yeliz, Paksoy Halime (2014). Dekanoik Asitin Kompleks Koaservasyon\u00a0Y\u00f6ntemi ile Kaps\u00fcllenmesi. 11. Ulusal Kimya M\u00fchendisli\u011fi Kongresi<\/p>\n<p style=\"text-align: justify;\"><strong>C9.<\/strong> Konuklu Yeliz, Paksoy H \u00d6, \u00dcnal M (2014). Termal enerji depolama ama\u00e7l\u0131 heptadekan\/\u00fcreformaldehit mikrokaps\u00fcllerinin \u00fcretilmesi ve karakterizasyonu. 2. KOP B\u00f6lgesel Kalk\u0131nma Sempozyumu<\/p>\n<p style=\"text-align: justify;\"><strong>C10.<\/strong> Konuklu Yeliz (2014). Termal Enerji Depolama Uygulamalar\u0131nda Faz De\u011fi\u015ftiren Maddelerin\u00a0Mikrokaps\u00fcllenmesi ve Bu Alanda Yap\u0131lan \u00c7al\u0131\u015fmalar. 2. KOP B\u00f6lgesel Kalk\u0131nma Sempozyumu,<\/p>\n<p style=\"text-align: justify;\"><strong>C11.<\/strong> Cellat Kemal, \u00dcnal Murat, Beyhan Beyza, Karahan Okan, Konuklu Yeliz, Dundar Cengiz, Gungor Caner, Paksoy Halime O (2014). Faz De\u011fi\u015ftiren Maddelerin Koaservasyon Y\u00f6ntemi ile<br \/>\nKaps\u00fcllenmesi ve Bina Uygulamalar\u0131nda Kullan\u0131m\u0131. V.Ulusal Polimer Bilim ve Teknolojisi Kongresi,127<\/p>\n<p style=\"text-align: justify;\"><strong>C12.<\/strong> \u00dcnal M, Konuklu Yeliz, Paksoy H \u00d6 (2014). Dekanoik asit \u2013 heptadekan \u00e7iftinden \u00f6tektik\u00a0kar\u0131\u015f\u0131mlar\u0131n\u0131n haz\u0131rlanmas\u0131. 2. KOP B\u00f6lgesel Kalk\u0131nma Sempozyumu<\/p>\n<p style=\"text-align: justify;\"><strong>C13.<\/strong> Paksoy H, Evliya H, Turgut B, MAZMAN M, KONUKLU Y, G\u00d6K \u00d6, YILMAZ M\u00d6, YILMAZ S, BEYHAN B, \u015eAHAN N (2009). Alternatif Enerji Kaynaklar\u0131n\u0131n Termal Enerji Depolama ile De\u011ferlendirilmesi. T\u00fcrkiye 11. Enerji Kongresi.<\/p>\n<p style=\"text-align: justify;\"><strong>C14.\u00a0<\/strong>Konuklu Y, \u00dcnal M, Konuklu S, Paksoy H, Ayhan Z, G\u00f6kkurt T (2013). G\u0131da Ambalajlar\u0131 ve Faz De\u011fi\u015ftiren Maddeler. \u0130\u00e7 Anadolu B\u00f6lgesi 1. Tar\u0131m ve G\u0131da Kongresi,, 374<\/p>\n<p style=\"text-align: justify;\"><strong>C15.<\/strong> Konuklu Yeliz, Mazman Muhsin, Paksoy Halime (2003). Termal Enerji Depolama i\u00e7in Parafinin Mikrokaps\u00fcllenmesi. T\u00fcrkiye 9.Enerji Kongresi, 227-230.<\/p>\n<p style=\"text-align: justify;\"><strong>C16.<\/strong> Cellat K, Beyhan B, Paksoy H, Karahan O, Konuklu Y, D\u00fcndar C, G\u00fcng\u00f6r C, \u201cBina Is\u0131l konforunun Sa\u011flanmas\u0131nda Faz De\u011fi\u015ftiren Madde Kullan\u0131m\u0131\u201d 12. Ulusal Tesisat M\u00fchendisli\u011fi Kongresi ve Fuar\u0131, 8-15 Nisan 2015, \u0130zmir<\/p>\n<p style=\"text-align: justify;\"><strong>C17.<\/strong>Beyhan B, Cellat K, Konuklu Y, G\u00fcng\u00f6r C, Karahan O, D\u00fcndar C, Paksoy H, \u201cBina Yap\u0131 Malzemeleri i\u00e7in Mikrokaps\u00fcllenmi\u015f Faz De\u011fi\u015ftiren Madde Geli\u015ftirilmesi\u201d, 12. Ulusal Tesisat M\u00fchendisli\u011fi Kongresi ve Fuar\u0131, 8-15 Nisan 2015, \u0130zmir<\/p>\n<p><!--:--><!--:en--><\/p>\n<table width=\"705\">\n<tbody>\n<tr>\n<td width=\"37\">1.<\/td>\n<td width=\"668\">Konuklu Yeliz, Paksoy Halime (2012). T-History Y\u00f6ntemi ile Mikrokaps\u00fcllenmi\u015f Faz De\u011fi\u015ftiren Maddelerin Gizli Is\u0131 Depolama Kapasitelerinin Belirlenmesi. 26. Ulusal Kimya kongresi<\/td>\n<\/tr>\n<tr>\n<td width=\"37\">2.<\/td>\n<td width=\"668\">Konuklu Yeliz, Paksoy Halime (2011). Faz De\u011fi\u015ftiren Maddeler ile Binalarda Enerji Verimlili\u011fi. X.Ulusal Tesisat M\u00fchendisli\u011fi Kongresi, 1(2011550), 917-930<\/td>\n<\/tr>\n<tr>\n<td width=\"37\">3.<\/td>\n<td width=\"668\">Konuklu Yeliz, Paksoy Halime (2011). Faz De\u011fi\u015ftiren Maddeler ile Bina Uygulamalar\u0131nda Enerji Verimlili\u011finin \u0130statistiksel Modelleme ile Tahmin. III. Enerji Verimlili\u011fi Toplant\u0131s\u0131, 1(548), 173-180<\/td>\n<\/tr>\n<tr>\n<td width=\"37\">4.<\/td>\n<td width=\"668\">\u00d6zonur Y, Paksoy HO (2004). Termal Enerji Depolama Y\u00f6ntemlerinin Yap\u0131 Malzemelerinde Kullan\u0131m\u0131 \u0130le Enerji T\u00fcketiminin Azalt\u0131lmas\u0131. S\u00fcrd\u00fcr\u00fclebilir \u00c7evre i\u00e7in Enerji Denetimi- Yal\u0131t\u0131m Kongresi ve Sergisi<\/td>\n<\/tr>\n<tr>\n<td width=\"37\">5.<\/td>\n<td width=\"668\">\u00dcnal M, Konuklu Y, Paksoy H O (2013). Faz De\u011fi\u015ftiren Madde Olan Coco Ya\u011f Asitinin Mikrokaps\u00fcllenmesi. IV. Ulusal Anorganik Kimya Kogresi<\/td>\n<\/tr>\n<tr>\n<td width=\"37\">6.<\/td>\n<td width=\"668\">G\u00f6k \u00d6, Konuklu Y, Y\u0131lmaz MO, Y\u0131lmaz S, Turgut B, Mazman M, Beyhan B, \u015eahan N, Paksoy H\u00d6, Evliya H (2009). Faz De\u011fi\u015ftiren Maddelerde Termal Enerji Depolaman\u0131n Enerji Verimlili\u011fi Uygulamalar\u0131nda Kullan\u0131lmas\u0131. II. Enerji Verimlili\u011fi Kongresi<\/td>\n<\/tr>\n<tr>\n<td width=\"37\">7.<\/td>\n<td width=\"668\">Konuklu Yeliz, \u00dcnal Murat, Paksoy Halime (2014). Termal Enerji Depolama Ama\u00e7l\u0131 Kaprilik Asit\/Polietil Akrilat Mikrokaps\u00fcllerinin \u00dcretilmesi ve Karakterizasyonu. 11. Ulusal Kimya M\u00fchendisli\u011fi Kongresi<\/td>\n<\/tr>\n<tr>\n<td width=\"37\">8.<\/td>\n<td width=\"668\">\u00dcnal Murat, Konuklu Yeliz, Paksoy Halime (2014). Dekanoik Asitin Kompleks Koaservasyon Y\u00f6ntemi ile Kaps\u00fcllenmesi. 11. Ulusal Kimya M\u00fchendisli\u011fi Kongresi<\/td>\n<\/tr>\n<tr>\n<td width=\"37\">9.<\/td>\n<td width=\"668\">Konuklu Yeliz, Paksoy H \u00d6, \u00dcnal M (2014). Termal enerji depolama ama\u00e7l\u0131 heptadekan\/\u00fcreformaldehit mikrokaps\u00fcllerinin \u00fcretilmesi ve karakterizasyonu. 2. KOP B\u00f6lgesel Kalk\u0131nma Sempozyumu<\/td>\n<\/tr>\n<tr>\n<td width=\"37\">10.<\/td>\n<td width=\"668\">Konuklu Yeliz (2014). Termal Enerji Depolama Uygulamalar\u0131nda Faz De\u011fi\u015ftiren Maddelerin Mikrokaps\u00fcllenmesi ve Bu Alanda Yap\u0131lan \u00c7al\u0131\u015fmalar. 2. KOP B\u00f6lgesel Kalk\u0131nma Sempozyumu<\/td>\n<\/tr>\n<tr>\n<td width=\"37\">11.<\/td>\n<td width=\"668\">Cellat Kemal, \u00dcnal Murat, Beyhan Beyza, Karahan Okan, Konuklu Yeliz, Dundar Cengiz, Gungor Caner, Paksoy Halime O (2014). Faz De\u011fi\u015ftiren Maddelerin Koaservasyon Y\u00f6ntemi ile Kaps\u00fcllenmesi ve Bina Uygulamalar\u0131nda Kullan\u0131m\u0131. V.Ulusal Polimer Bilim ve Teknolojisi Kongresi,127<\/td>\n<\/tr>\n<tr>\n<td width=\"37\">12.<\/td>\n<td width=\"668\">\u00dcnal M, Konuklu Yeliz, Paksoy H \u00d6 (2014). Dekanoik asit \u2013 heptadekan \u00e7iftinden \u00f6tektikkar\u0131\u015f\u0131mlar\u0131n\u0131n haz\u0131rlanmas\u0131. 2. KOP B\u00f6lgesel Kalk\u0131nma Sempozyumu<\/td>\n<\/tr>\n<tr>\n<td width=\"37\">13.<\/td>\n<td width=\"668\">Paksoy H, Evliya H, Turgut B, Mazman M, Konuklu Y, G\u00f6k \u00d6, Y\u0131lmaz M\u00d6, Y\u0131lmaz S, Beyhan B, \u015eahan N (2009). Alternatif Enerji Kaynaklar\u0131n\u0131n Termal Enerji Depolama ile De\u011ferlendirilmesi. T\u00fcrkiye 11. Enerji Kongresi<\/td>\n<\/tr>\n<tr>\n<td width=\"37\">14.<\/td>\n<td width=\"668\">Konuklu Y, \u00dcnal M, Konuklu S, Paksoy H, Ayhan Z, G\u00f6kkurt T (2013). G\u0131da Ambalajlar\u0131 ve Faz De\u011fi\u015ftiren Maddeler. \u0130\u00e7 Anadolu B\u00f6lgesi 1. Tar\u0131m ve G\u0131da Kongresi,, 374<\/td>\n<\/tr>\n<tr>\n<td width=\"37\">15.<\/td>\n<td width=\"668\">Konuklu Yeliz, Mazman Muhsin, Paksoy Halime (2003). Termal Enerji Depolama i\u00e7in Parafinin Mikrokaps\u00fcllenmesi. T\u00fcrkiye 9.Enerji Kongresi, 227-230<\/td>\n<\/tr>\n<\/tbody>\n<\/table>\n<p><!--:--><\/p>\n","protected":false},"excerpt":{"rendered":"<p>C. Ulusal bilimsel toplant\u0131larda sunulan ve bildiri kitab\u0131nda bas\u0131lan bildiriler : C1. Konuklu Yeliz, Paksoy Halime (2012). T-History Y\u00f6ntemi ile Mikrokaps\u00fcllenmi\u015f Faz De\u011fi\u015ftiren Maddelerin Gizli Is\u0131 Depolama Kapasitelerinin Belirlenmesi. 26. Ulusal Kimya kongresi, C2. Konuklu Yeliz, Paksoy Halime (2011). Faz De\u011fi\u015ftiren Maddeler ile Binalarda Enerji Verimlili\u011fi. X.Ulusal Tesisat M\u00fchendisli\u011fi Kongresi, 1(2011550), 917-930., C3.\u00a0Konuklu Yeliz, Paksoy <a class=\"read-more\" href=\"https:\/\/www.yelizkonuklu.com\/?page_id=30\">...continue reading <span class=\"meta-nav\">&rarr;<\/span><\/a><\/p>\n","protected":false},"author":1,"featured_media":0,"parent":0,"menu_order":0,"comment_status":"open","ping_status":"closed","template":"page-templates\/front-page.php","meta":{"om_disable_all_campaigns":false,"_monsterinsights_skip_tracking":false,"_monsterinsights_sitenote_active":false,"_monsterinsights_sitenote_note":"","_monsterinsights_sitenote_category":0},"aioseo_notices":[],"_links":{"self":[{"href":"https:\/\/www.yelizkonuklu.com\/index.php?rest_route=\/wp\/v2\/pages\/30"}],"collection":[{"href":"https:\/\/www.yelizkonuklu.com\/index.php?rest_route=\/wp\/v2\/pages"}],"about":[{"href":"https:\/\/www.yelizkonuklu.com\/index.php?rest_route=\/wp\/v2\/types\/page"}],"author":[{"embeddable":true,"href":"https:\/\/www.yelizkonuklu.com\/index.php?rest_route=\/wp\/v2\/users\/1"}],"replies":[{"embeddable":true,"href":"https:\/\/www.yelizkonuklu.com\/index.php?rest_route=%2Fwp%2Fv2%2Fcomments&post=30"}],"version-history":[{"count":9,"href":"https:\/\/www.yelizkonuklu.com\/index.php?rest_route=\/wp\/v2\/pages\/30\/revisions"}],"predecessor-version":[{"id":311,"href":"https:\/\/www.yelizkonuklu.com\/index.php?rest_route=\/wp\/v2\/pages\/30\/revisions\/311"}],"wp:attachment":[{"href":"https:\/\/www.yelizkonuklu.com\/index.php?rest_route=%2Fwp%2Fv2%2Fmedia&parent=30"}],"curies":[{"name":"wp","href":"https:\/\/api.w.org\/{rel}","templated":true}]}}