{"id":23,"date":"2014-12-13T21:59:51","date_gmt":"2014-12-13T19:59:51","guid":{"rendered":"http:\/\/www.yelizkonuklu.com\/?page_id=23"},"modified":"2018-05-03T16:35:43","modified_gmt":"2018-05-03T13:35:43","slug":"kariyer","status":"publish","type":"page","link":"https:\/\/www.yelizkonuklu.com\/?page_id=23","title":{"rendered":"Kariyer | Experience"},"content":{"rendered":"<p><!--:TR-->2010- \u00a0 \u00a0 \u00a0 \u00a0 \u00a0 \u00a0 \u00a0 \u00a0 \u00a0 \u00a0 \u00a0Ni\u011fde \u00dcniversitesi, Yard\u0131mc\u0131 Do\u00e7ent<br \/>\n2013(May-A\u011fus.) \u00a0Nebraska \u00dcniveritesi, ABD, Misafir \u00d6\u011fretim \u00dcyesi<br \/>\n2006-2008 \u00a0 \u00a0 \u00a0 \u00a0 \u00a0 \u00a0 \u00d6zel Kurum, ARGE M\u00fchendisi<!--:--><!--:en--><\/p>\n<p><p>2010- \u00a0 \u00a0 \u00a0 \u00a0 \u00a0 \u00a0 \u00a0 \u00a0 \u00a0 \u00a0 \u00a0Ni\u011fde \u00dcniversitesi, Yard\u0131mc\u0131 Do\u00e7ent<br \/>\n2013(May-A\u011fus.) \u00a0Nebraska \u00dcniveritesi, ABD, Misafir \u00d6\u011fretim \u00dcyesi<br \/>\n2006-2008 \u00a0 \u00a0 \u00a0 \u00a0 \u00a0 \u00a0 \u00d6zel Kurum, ARGE M\u00fchendisi<\/p>\n<\/p>\n<p><!--:--><\/p>\n","protected":false},"excerpt":{"rendered":"<p>2010- \u00a0 \u00a0 \u00a0 \u00a0 \u00a0 \u00a0 \u00a0 \u00a0 \u00a0 \u00a0 \u00a0Ni\u011fde \u00dcniversitesi, Yard\u0131mc\u0131 Do\u00e7ent 2013(May-A\u011fus.) \u00a0Nebraska \u00dcniveritesi, ABD, Misafir \u00d6\u011fretim \u00dcyesi 2006-2008 \u00a0 \u00a0 \u00a0 \u00a0 \u00a0 \u00a0 \u00d6zel Kurum, ARGE M\u00fchendisi 2010- \u00a0 \u00a0 \u00a0 \u00a0 \u00a0 \u00a0 \u00a0 \u00a0 \u00a0 \u00a0 \u00a0Ni\u011fde \u00dcniversitesi, Yard\u0131mc\u0131 Do\u00e7ent 2013(May-A\u011fus.) \u00a0Nebraska \u00dcniveritesi, ABD, Misafir \u00d6\u011fretim \u00dcyesi <a class=\"read-more\" href=\"https:\/\/www.yelizkonuklu.com\/?page_id=23\">...continue reading <span class=\"meta-nav\">&rarr;<\/span><\/a><\/p>\n","protected":false},"author":1,"featured_media":0,"parent":0,"menu_order":0,"comment_status":"open","ping_status":"closed","template":"page-templates\/front-page.php","meta":{"om_disable_all_campaigns":false,"_monsterinsights_skip_tracking":false,"_monsterinsights_sitenote_active":false,"_monsterinsights_sitenote_note":"","_monsterinsights_sitenote_category":0},"aioseo_notices":[],"_links":{"self":[{"href":"https:\/\/www.yelizkonuklu.com\/index.php?rest_route=\/wp\/v2\/pages\/23"}],"collection":[{"href":"https:\/\/www.yelizkonuklu.com\/index.php?rest_route=\/wp\/v2\/pages"}],"about":[{"href":"https:\/\/www.yelizkonuklu.com\/index.php?rest_route=\/wp\/v2\/types\/page"}],"author":[{"embeddable":true,"href":"https:\/\/www.yelizkonuklu.com\/index.php?rest_route=\/wp\/v2\/users\/1"}],"replies":[{"embeddable":true,"href":"https:\/\/www.yelizkonuklu.com\/index.php?rest_route=%2Fwp%2Fv2%2Fcomments&post=23"}],"version-history":[{"count":6,"href":"https:\/\/www.yelizkonuklu.com\/index.php?rest_route=\/wp\/v2\/pages\/23\/revisions"}],"predecessor-version":[{"id":307,"href":"https:\/\/www.yelizkonuklu.com\/index.php?rest_route=\/wp\/v2\/pages\/23\/revisions\/307"}],"wp:attachment":[{"href":"https:\/\/www.yelizkonuklu.com\/index.php?rest_route=%2Fwp%2Fv2%2Fmedia&parent=23"}],"curies":[{"name":"wp","href":"https:\/\/api.w.org\/{rel}","templated":true}]}}